{"id":198,"date":"2019-05-28T11:37:00","date_gmt":"2019-05-28T09:37:00","guid":{"rendered":"http:\/\/dev.readytec.net:4242\/rutiliano\/?page_id=198"},"modified":"2019-08-26T12:12:47","modified_gmt":"2019-08-26T10:12:47","slug":"richiedi-disponibilita","status":"publish","type":"page","link":"https:\/\/www.anticagranciadiquercecchio.it\/it\/richiedi-disponibilita\/","title":{"rendered":"Richiedi Disponibilit\u00e0"},"content":{"rendered":"\n<p>Il nostro staff \u00e8 a disposizione per ogni necessit\u00e0. Se avete dubbi o  curiosit\u00e0 Vi invitiamo a compilare i campi sottostanti o telefonare al  +39 0577 839 148 oppure  +39 347 348 3774<\/p>\n","protected":false},"excerpt":{"rendered":"<p>Il nostro staff \u00e8 a disposizione per ogni necessit\u00e0. Se avete dubbi o curiosit\u00e0 Vi invitiamo a compilare i campi sottostanti o telefonare al +39 0577 839 148 oppure +39 347 348 3774<\/p>\n","protected":false},"author":1,"featured_media":746,"parent":0,"menu_order":0,"comment_status":"closed","ping_status":"closed","template":"page-template\/template-contact.php","meta":{"_acf_changed":false,"inline_featured_image":false,"footnotes":""},"class_list":["post-198","page","type-page","status-publish","has-post-thumbnail","hentry"],"acf":[],"yoast_head":"<!-- This site is optimized with the Yoast SEO plugin v26.8 - https:\/\/yoast.com\/product\/yoast-seo-wordpress\/ -->\n<title>Richiedi Disponibilit\u00e0 - Agriturismo Antica Grancia Di Quercecchio - Montalcino<\/title>\n<meta name=\"robots\" content=\"index, follow, max-snippet:-1, max-image-preview:large, max-video-preview:-1\" \/>\n<link rel=\"canonical\" href=\"https:\/\/www.anticagranciadiquercecchio.it\/it\/richiedi-disponibilita\/\" \/>\n<meta property=\"og:locale\" content=\"it_IT\" \/>\n<meta property=\"og:type\" content=\"article\" \/>\n<meta property=\"og:title\" content=\"Richiedi Disponibilit\u00e0 - Agriturismo Antica Grancia Di Quercecchio - Montalcino\" \/>\n<meta property=\"og:description\" content=\"Il nostro staff \u00e8 a disposizione per ogni necessit\u00e0. Se avete dubbi o curiosit\u00e0 Vi invitiamo a compilare i campi sottostanti o telefonare al +39 0577 839 148 oppure +39 347 348 3774\" \/>\n<meta property=\"og:url\" content=\"https:\/\/www.anticagranciadiquercecchio.it\/it\/richiedi-disponibilita\/\" \/>\n<meta property=\"og:site_name\" content=\"Agriturismo Antica Grancia Di Quercecchio - Montalcino\" \/>\n<meta property=\"article:modified_time\" content=\"2019-08-26T10:12:47+00:00\" \/>\n<meta property=\"og:image\" content=\"https:\/\/www.anticagranciadiquercecchio.it\/wp-content\/uploads\/2019\/08\/Agriturismo-montalcino-antica-grancia-di-quercecchio-8783.jpg\" \/>\n\t<meta property=\"og:image:width\" content=\"1920\" \/>\n\t<meta property=\"og:image:height\" content=\"1100\" \/>\n\t<meta property=\"og:image:type\" content=\"image\/jpeg\" \/>\n<meta name=\"twitter:card\" content=\"summary_large_image\" \/>\n<script type=\"application\/ld+json\" class=\"yoast-schema-graph\">{\"@context\":\"https:\/\/schema.org\",\"@graph\":[{\"@type\":\"WebPage\",\"@id\":\"https:\/\/www.anticagranciadiquercecchio.it\/it\/richiedi-disponibilita\/\",\"url\":\"https:\/\/www.anticagranciadiquercecchio.it\/it\/richiedi-disponibilita\/\",\"name\":\"Richiedi Disponibilit\u00e0 - Agriturismo Antica Grancia Di Quercecchio - Montalcino\",\"isPartOf\":{\"@id\":\"https:\/\/www.anticagranciadiquercecchio.it\/it\/#website\"},\"primaryImageOfPage\":{\"@id\":\"https:\/\/www.anticagranciadiquercecchio.it\/it\/richiedi-disponibilita\/#primaryimage\"},\"image\":{\"@id\":\"https:\/\/www.anticagranciadiquercecchio.it\/it\/richiedi-disponibilita\/#primaryimage\"},\"thumbnailUrl\":\"https:\/\/www.anticagranciadiquercecchio.it\/wp-content\/uploads\/2019\/08\/Agriturismo-montalcino-antica-grancia-di-quercecchio-8783.jpg\",\"datePublished\":\"2019-05-28T09:37:00+00:00\",\"dateModified\":\"2019-08-26T10:12:47+00:00\",\"breadcrumb\":{\"@id\":\"https:\/\/www.anticagranciadiquercecchio.it\/it\/richiedi-disponibilita\/#breadcrumb\"},\"inLanguage\":\"it-IT\",\"potentialAction\":[{\"@type\":\"ReadAction\",\"target\":[\"https:\/\/www.anticagranciadiquercecchio.it\/it\/richiedi-disponibilita\/\"]}]},{\"@type\":\"ImageObject\",\"inLanguage\":\"it-IT\",\"@id\":\"https:\/\/www.anticagranciadiquercecchio.it\/it\/richiedi-disponibilita\/#primaryimage\",\"url\":\"https:\/\/www.anticagranciadiquercecchio.it\/wp-content\/uploads\/2019\/08\/Agriturismo-montalcino-antica-grancia-di-quercecchio-8783.jpg\",\"contentUrl\":\"https:\/\/www.anticagranciadiquercecchio.it\/wp-content\/uploads\/2019\/08\/Agriturismo-montalcino-antica-grancia-di-quercecchio-8783.jpg\",\"width\":1920,\"height\":1100},{\"@type\":\"BreadcrumbList\",\"@id\":\"https:\/\/www.anticagranciadiquercecchio.it\/it\/richiedi-disponibilita\/#breadcrumb\",\"itemListElement\":[{\"@type\":\"ListItem\",\"position\":1,\"name\":\"Home\",\"item\":\"https:\/\/www.anticagranciadiquercecchio.it\/it\/\"},{\"@type\":\"ListItem\",\"position\":2,\"name\":\"Richiedi Disponibilit\u00e0\"}]},{\"@type\":\"WebSite\",\"@id\":\"https:\/\/www.anticagranciadiquercecchio.it\/it\/#website\",\"url\":\"https:\/\/www.anticagranciadiquercecchio.it\/it\/\",\"name\":\"Agriturismo Antica Grancia Di Quercecchio - Montalcino\",\"description\":\"\",\"potentialAction\":[{\"@type\":\"SearchAction\",\"target\":{\"@type\":\"EntryPoint\",\"urlTemplate\":\"https:\/\/www.anticagranciadiquercecchio.it\/it\/?s={search_term_string}\"},\"query-input\":{\"@type\":\"PropertyValueSpecification\",\"valueRequired\":true,\"valueName\":\"search_term_string\"}}],\"inLanguage\":\"it-IT\"}]}<\/script>\n<!-- \/ Yoast SEO plugin. -->","yoast_head_json":{"title":"Richiedi Disponibilit\u00e0 - Agriturismo Antica Grancia Di Quercecchio - Montalcino","robots":{"index":"index","follow":"follow","max-snippet":"max-snippet:-1","max-image-preview":"max-image-preview:large","max-video-preview":"max-video-preview:-1"},"canonical":"https:\/\/www.anticagranciadiquercecchio.it\/it\/richiedi-disponibilita\/","og_locale":"it_IT","og_type":"article","og_title":"Richiedi Disponibilit\u00e0 - Agriturismo Antica Grancia Di Quercecchio - Montalcino","og_description":"Il nostro staff \u00e8 a disposizione per ogni necessit\u00e0. Se avete dubbi o curiosit\u00e0 Vi invitiamo a compilare i campi sottostanti o telefonare al +39 0577 839 148 oppure +39 347 348 3774","og_url":"https:\/\/www.anticagranciadiquercecchio.it\/it\/richiedi-disponibilita\/","og_site_name":"Agriturismo Antica Grancia Di Quercecchio - Montalcino","article_modified_time":"2019-08-26T10:12:47+00:00","og_image":[{"width":1920,"height":1100,"url":"https:\/\/www.anticagranciadiquercecchio.it\/wp-content\/uploads\/2019\/08\/Agriturismo-montalcino-antica-grancia-di-quercecchio-8783.jpg","type":"image\/jpeg"}],"twitter_card":"summary_large_image","schema":{"@context":"https:\/\/schema.org","@graph":[{"@type":"WebPage","@id":"https:\/\/www.anticagranciadiquercecchio.it\/it\/richiedi-disponibilita\/","url":"https:\/\/www.anticagranciadiquercecchio.it\/it\/richiedi-disponibilita\/","name":"Richiedi Disponibilit\u00e0 - Agriturismo Antica Grancia Di Quercecchio - Montalcino","isPartOf":{"@id":"https:\/\/www.anticagranciadiquercecchio.it\/it\/#website"},"primaryImageOfPage":{"@id":"https:\/\/www.anticagranciadiquercecchio.it\/it\/richiedi-disponibilita\/#primaryimage"},"image":{"@id":"https:\/\/www.anticagranciadiquercecchio.it\/it\/richiedi-disponibilita\/#primaryimage"},"thumbnailUrl":"https:\/\/www.anticagranciadiquercecchio.it\/wp-content\/uploads\/2019\/08\/Agriturismo-montalcino-antica-grancia-di-quercecchio-8783.jpg","datePublished":"2019-05-28T09:37:00+00:00","dateModified":"2019-08-26T10:12:47+00:00","breadcrumb":{"@id":"https:\/\/www.anticagranciadiquercecchio.it\/it\/richiedi-disponibilita\/#breadcrumb"},"inLanguage":"it-IT","potentialAction":[{"@type":"ReadAction","target":["https:\/\/www.anticagranciadiquercecchio.it\/it\/richiedi-disponibilita\/"]}]},{"@type":"ImageObject","inLanguage":"it-IT","@id":"https:\/\/www.anticagranciadiquercecchio.it\/it\/richiedi-disponibilita\/#primaryimage","url":"https:\/\/www.anticagranciadiquercecchio.it\/wp-content\/uploads\/2019\/08\/Agriturismo-montalcino-antica-grancia-di-quercecchio-8783.jpg","contentUrl":"https:\/\/www.anticagranciadiquercecchio.it\/wp-content\/uploads\/2019\/08\/Agriturismo-montalcino-antica-grancia-di-quercecchio-8783.jpg","width":1920,"height":1100},{"@type":"BreadcrumbList","@id":"https:\/\/www.anticagranciadiquercecchio.it\/it\/richiedi-disponibilita\/#breadcrumb","itemListElement":[{"@type":"ListItem","position":1,"name":"Home","item":"https:\/\/www.anticagranciadiquercecchio.it\/it\/"},{"@type":"ListItem","position":2,"name":"Richiedi Disponibilit\u00e0"}]},{"@type":"WebSite","@id":"https:\/\/www.anticagranciadiquercecchio.it\/it\/#website","url":"https:\/\/www.anticagranciadiquercecchio.it\/it\/","name":"Agriturismo Antica Grancia Di Quercecchio - Montalcino","description":"","potentialAction":[{"@type":"SearchAction","target":{"@type":"EntryPoint","urlTemplate":"https:\/\/www.anticagranciadiquercecchio.it\/it\/?s={search_term_string}"},"query-input":{"@type":"PropertyValueSpecification","valueRequired":true,"valueName":"search_term_string"}}],"inLanguage":"it-IT"}]}},"_links":{"self":[{"href":"https:\/\/www.anticagranciadiquercecchio.it\/it\/wp-json\/wp\/v2\/pages\/198","targetHints":{"allow":["GET"]}}],"collection":[{"href":"https:\/\/www.anticagranciadiquercecchio.it\/it\/wp-json\/wp\/v2\/pages"}],"about":[{"href":"https:\/\/www.anticagranciadiquercecchio.it\/it\/wp-json\/wp\/v2\/types\/page"}],"author":[{"embeddable":true,"href":"https:\/\/www.anticagranciadiquercecchio.it\/it\/wp-json\/wp\/v2\/users\/1"}],"replies":[{"embeddable":true,"href":"https:\/\/www.anticagranciadiquercecchio.it\/it\/wp-json\/wp\/v2\/comments?post=198"}],"version-history":[{"count":16,"href":"https:\/\/www.anticagranciadiquercecchio.it\/it\/wp-json\/wp\/v2\/pages\/198\/revisions"}],"predecessor-version":[{"id":932,"href":"https:\/\/www.anticagranciadiquercecchio.it\/it\/wp-json\/wp\/v2\/pages\/198\/revisions\/932"}],"wp:featuredmedia":[{"embeddable":true,"href":"https:\/\/www.anticagranciadiquercecchio.it\/it\/wp-json\/wp\/v2\/media\/746"}],"wp:attachment":[{"href":"https:\/\/www.anticagranciadiquercecchio.it\/it\/wp-json\/wp\/v2\/media?parent=198"}],"curies":[{"name":"wp","href":"https:\/\/api.w.org\/{rel}","templated":true}]}}